{"id":1260,"date":"2020-10-15T10:25:05","date_gmt":"2020-10-15T10:25:05","guid":{"rendered":"https:\/\/norway-coast.no\/what-is-coast\/"},"modified":"2023-03-02T10:04:40","modified_gmt":"2023-03-02T10:04:40","slug":"what-is-coast","status":"publish","type":"page","link":"https:\/\/norway-coast.no\/no\/what-is-coast\/","title":{"rendered":"Hva er Coast?"},"content":{"rendered":"\n<p>Senteret er et konsortium av fire ledende maritime utdanningsleverand\u00f8rer i Norge \u2013 Universitetet i S\u00f8r\u00f8st-Norge (USN) som vertsinstitusjon, og H\u00f8gskolen p\u00e5 Vestlandet (HVL), Norges teknisk-naturvitenskapelige universitet (NTNU) og UiT Norges arktiske universitet (UiT) som konsortiepartnere. De fire institusjonene har jobbet sammen siden 2011 i Markom2020, et utviklingsprosjekt med m\u00e5l om \u00e5 heve kompetansen til norske sj\u00f8folk.<\/p>\n\n\n\n<p>COAST vil integrere innovativ simulatorbasert utdanning for \u00e5 skape et milj\u00f8 der aktiv l\u00e6ring fremmes gjennom studentengasjement og tilrettelagt av instrukt\u00f8rer med h\u00f8y pedagogisk kompetanse. Senteret vil ha et nytt perspektiv p\u00e5 undervisning, l\u00e6ring, simulatortrening og vurdering med fokus p\u00e5 b\u00e5de tekniske og ikke-tekniske ferdigheter for \u00e5 utdanne fremtidige sj\u00f8folk som vil v\u00e6re i stand til \u00e5 takle n\u00e5v\u00e6rende og fremtidige utfordringer i den maritime n\u00e6ringen.<\/p>\n","protected":false},"excerpt":{"rendered":"<p>COAST &#8211; Centre of Excellence in Maritime Simulator Training and Assessment (COAST) ble etablert i 2020. <\/p>\n","protected":false},"author":1,"featured_media":1060,"parent":0,"menu_order":0,"comment_status":"closed","ping_status":"closed","template":"page-templates\/page-about.php","meta":{"_acf_changed":false,"footnotes":""},"class_list":["post-1260","page","type-page","status-publish","has-post-thumbnail","hentry"],"acf":[],"_links":{"self":[{"href":"https:\/\/norway-coast.no\/no\/wp-json\/wp\/v2\/pages\/1260","targetHints":{"allow":["GET"]}}],"collection":[{"href":"https:\/\/norway-coast.no\/no\/wp-json\/wp\/v2\/pages"}],"about":[{"href":"https:\/\/norway-coast.no\/no\/wp-json\/wp\/v2\/types\/page"}],"author":[{"embeddable":true,"href":"https:\/\/norway-coast.no\/no\/wp-json\/wp\/v2\/users\/1"}],"replies":[{"embeddable":true,"href":"https:\/\/norway-coast.no\/no\/wp-json\/wp\/v2\/comments?post=1260"}],"version-history":[{"count":4,"href":"https:\/\/norway-coast.no\/no\/wp-json\/wp\/v2\/pages\/1260\/revisions"}],"predecessor-version":[{"id":1315,"href":"https:\/\/norway-coast.no\/no\/wp-json\/wp\/v2\/pages\/1260\/revisions\/1315"}],"wp:featuredmedia":[{"embeddable":true,"href":"https:\/\/norway-coast.no\/no\/wp-json\/wp\/v2\/media\/1060"}],"wp:attachment":[{"href":"https:\/\/norway-coast.no\/no\/wp-json\/wp\/v2\/media?parent=1260"}],"curies":[{"name":"wp","href":"https:\/\/api.w.org\/{rel}","templated":true}]}}