{"id":1257,"date":"2020-10-16T07:50:58","date_gmt":"2020-10-16T07:50:58","guid":{"rendered":"https:\/\/norway-coast.no\/organizational-development-focus-area-4\/"},"modified":"2023-03-02T10:04:40","modified_gmt":"2023-03-02T10:04:40","slug":"organizational-development-focus-area-4","status":"publish","type":"page","link":"https:\/\/norway-coast.no\/no\/organizational-development-focus-area-4\/","title":{"rendered":"Organisasjonsutvikling &#8211; Fokusomr\u00e5de 4"},"content":{"rendered":"","protected":false},"excerpt":{"rendered":"<p>COAST-konsortiet har som m\u00e5l \u00e5 utvikle systemer, strukturer, fleksible organisasjoner for \u00e5 bli mer innovative, og ledende tilbydere av simulatortrening og vurdering for maritim utdanning. COAST vil evaluere, revidere og foresl\u00e5 nye modeller for organisering av simulatorbasert trening og vurdering. Dette inkluderer \u00e5 fremme systemiske pedagogiske og institusjonelle transformasjoner ved \u00e5 lage partnerskap for forbedring.<\/p>\n","protected":false},"author":2,"featured_media":0,"parent":0,"menu_order":0,"comment_status":"closed","ping_status":"closed","template":"","meta":{"_acf_changed":false,"footnotes":""},"class_list":["post-1257","page","type-page","status-publish","hentry"],"acf":[],"_links":{"self":[{"href":"https:\/\/norway-coast.no\/no\/wp-json\/wp\/v2\/pages\/1257","targetHints":{"allow":["GET"]}}],"collection":[{"href":"https:\/\/norway-coast.no\/no\/wp-json\/wp\/v2\/pages"}],"about":[{"href":"https:\/\/norway-coast.no\/no\/wp-json\/wp\/v2\/types\/page"}],"author":[{"embeddable":true,"href":"https:\/\/norway-coast.no\/no\/wp-json\/wp\/v2\/users\/2"}],"replies":[{"embeddable":true,"href":"https:\/\/norway-coast.no\/no\/wp-json\/wp\/v2\/comments?post=1257"}],"version-history":[{"count":4,"href":"https:\/\/norway-coast.no\/no\/wp-json\/wp\/v2\/pages\/1257\/revisions"}],"predecessor-version":[{"id":1310,"href":"https:\/\/norway-coast.no\/no\/wp-json\/wp\/v2\/pages\/1257\/revisions\/1310"}],"wp:attachment":[{"href":"https:\/\/norway-coast.no\/no\/wp-json\/wp\/v2\/media?parent=1257"}],"curies":[{"name":"wp","href":"https:\/\/api.w.org\/{rel}","templated":true}]}}