{"id":1254,"date":"2020-10-16T07:48:09","date_gmt":"2020-10-16T07:48:09","guid":{"rendered":"https:\/\/norway-coast.no\/student-engagement-focus-area-3\/"},"modified":"2023-03-02T10:04:40","modified_gmt":"2023-03-02T10:04:40","slug":"student-engagement-focus-area-3","status":"publish","type":"page","link":"https:\/\/norway-coast.no\/no\/student-engagement-focus-area-3\/","title":{"rendered":"Studentinvolvering &#8211; Fokusomr\u00e5de 3"},"content":{"rendered":"","protected":false},"excerpt":{"rendered":"<p>Studentaktivt engasjement i undervisningen anses for tiden som en forutsetning for \u00e5 forbedre kvaliteten p\u00e5 klasseromsinteraksjonen mellom l\u00e6rere og elever, \u00f8ke elevenes engasjement, se etter forbedrede niv\u00e5er av samarbeid, resonnement og akademisk oppn\u00e5else som de \u00f8nskelige resultatene.<\/p>\n","protected":false},"author":2,"featured_media":0,"parent":0,"menu_order":0,"comment_status":"closed","ping_status":"closed","template":"","meta":{"_acf_changed":false,"footnotes":""},"class_list":["post-1254","page","type-page","status-publish","hentry"],"acf":[],"_links":{"self":[{"href":"https:\/\/norway-coast.no\/no\/wp-json\/wp\/v2\/pages\/1254","targetHints":{"allow":["GET"]}}],"collection":[{"href":"https:\/\/norway-coast.no\/no\/wp-json\/wp\/v2\/pages"}],"about":[{"href":"https:\/\/norway-coast.no\/no\/wp-json\/wp\/v2\/types\/page"}],"author":[{"embeddable":true,"href":"https:\/\/norway-coast.no\/no\/wp-json\/wp\/v2\/users\/2"}],"replies":[{"embeddable":true,"href":"https:\/\/norway-coast.no\/no\/wp-json\/wp\/v2\/comments?post=1254"}],"version-history":[{"count":7,"href":"https:\/\/norway-coast.no\/no\/wp-json\/wp\/v2\/pages\/1254\/revisions"}],"predecessor-version":[{"id":1313,"href":"https:\/\/norway-coast.no\/no\/wp-json\/wp\/v2\/pages\/1254\/revisions\/1313"}],"wp:attachment":[{"href":"https:\/\/norway-coast.no\/no\/wp-json\/wp\/v2\/media?parent=1254"}],"curies":[{"name":"wp","href":"https:\/\/api.w.org\/{rel}","templated":true}]}}