{"id":1250,"date":"2020-10-16T07:44:08","date_gmt":"2020-10-16T07:44:08","guid":{"rendered":"https:\/\/norway-coast.no\/innovation-in-simulator-training-and-assessment-methods-focus-area-2\/"},"modified":"2023-03-02T10:04:40","modified_gmt":"2023-03-02T10:04:40","slug":"innovation-in-simulator-training-and-assessment-methods-focus-area-2","status":"publish","type":"page","link":"https:\/\/norway-coast.no\/no\/innovation-in-simulator-training-and-assessment-methods-focus-area-2\/","title":{"rendered":"Innovasjon i simulatorbasert l\u00e6ring og vurdering &#8211; Fokusomr\u00e5de 2"},"content":{"rendered":"","protected":false},"excerpt":{"rendered":"<p>Maritim utdanning og oppl\u00e6ring (MET) er i stor grad bygget p\u00e5 oppl\u00e6ring av sm\u00e5 grupper av studenter i teknologisk medierte omgivelser for \u00e5 sertifisere dem. Simulatorer blir stadig mer vanlig medium for \u00e5 trene sj\u00f8folkene for sofistikerte operasjonsmilj\u00f8er og ulike praksisscenarier og som et verkt\u00f8y for treningsoverf\u00f8ring i et simulert milj\u00f8.<\/p>\n","protected":false},"author":2,"featured_media":0,"parent":0,"menu_order":0,"comment_status":"closed","ping_status":"closed","template":"","meta":{"_acf_changed":false,"footnotes":""},"class_list":["post-1250","page","type-page","status-publish","hentry"],"acf":[],"_links":{"self":[{"href":"https:\/\/norway-coast.no\/no\/wp-json\/wp\/v2\/pages\/1250","targetHints":{"allow":["GET"]}}],"collection":[{"href":"https:\/\/norway-coast.no\/no\/wp-json\/wp\/v2\/pages"}],"about":[{"href":"https:\/\/norway-coast.no\/no\/wp-json\/wp\/v2\/types\/page"}],"author":[{"embeddable":true,"href":"https:\/\/norway-coast.no\/no\/wp-json\/wp\/v2\/users\/2"}],"replies":[{"embeddable":true,"href":"https:\/\/norway-coast.no\/no\/wp-json\/wp\/v2\/comments?post=1250"}],"version-history":[{"count":5,"href":"https:\/\/norway-coast.no\/no\/wp-json\/wp\/v2\/pages\/1250\/revisions"}],"predecessor-version":[{"id":1311,"href":"https:\/\/norway-coast.no\/no\/wp-json\/wp\/v2\/pages\/1250\/revisions\/1311"}],"wp:attachment":[{"href":"https:\/\/norway-coast.no\/no\/wp-json\/wp\/v2\/media?parent=1250"}],"curies":[{"name":"wp","href":"https:\/\/api.w.org\/{rel}","templated":true}]}}