{"id":1246,"date":"2020-10-15T13:37:32","date_gmt":"2020-10-15T13:37:32","guid":{"rendered":"https:\/\/norway-coast.no\/synergistic-simulation-curriculum-focus-area-1\/"},"modified":"2023-03-02T10:04:40","modified_gmt":"2023-03-02T10:04:40","slug":"synergistic-simulation-curriculum-focus-area-1","status":"publish","type":"page","link":"https:\/\/norway-coast.no\/no\/synergistic-simulation-curriculum-focus-area-1\/","title":{"rendered":"Utvikle metodikk for maritim simulatortrening &#8211; Fokusomr\u00e5de 1"},"content":{"rendered":"","protected":false},"excerpt":{"rendered":"<p>Dette fokusomr\u00e5det vil ta for seg f\u00f8lgende interesseomr\u00e5der i n\u00e6rt samarbeid med de andre fokusomr\u00e5dene til COAST:<\/p>\n","protected":false},"author":2,"featured_media":0,"parent":0,"menu_order":0,"comment_status":"closed","ping_status":"closed","template":"","meta":{"_acf_changed":false,"footnotes":""},"class_list":["post-1246","page","type-page","status-publish","hentry"],"acf":[],"_links":{"self":[{"href":"https:\/\/norway-coast.no\/no\/wp-json\/wp\/v2\/pages\/1246","targetHints":{"allow":["GET"]}}],"collection":[{"href":"https:\/\/norway-coast.no\/no\/wp-json\/wp\/v2\/pages"}],"about":[{"href":"https:\/\/norway-coast.no\/no\/wp-json\/wp\/v2\/types\/page"}],"author":[{"embeddable":true,"href":"https:\/\/norway-coast.no\/no\/wp-json\/wp\/v2\/users\/2"}],"replies":[{"embeddable":true,"href":"https:\/\/norway-coast.no\/no\/wp-json\/wp\/v2\/comments?post=1246"}],"version-history":[{"count":4,"href":"https:\/\/norway-coast.no\/no\/wp-json\/wp\/v2\/pages\/1246\/revisions"}],"predecessor-version":[{"id":1304,"href":"https:\/\/norway-coast.no\/no\/wp-json\/wp\/v2\/pages\/1246\/revisions\/1304"}],"wp:attachment":[{"href":"https:\/\/norway-coast.no\/no\/wp-json\/wp\/v2\/media?parent=1246"}],"curies":[{"name":"wp","href":"https:\/\/api.w.org\/{rel}","templated":true}]}}