{"id":1120,"date":"2020-10-05T13:08:25","date_gmt":"2020-10-05T13:08:25","guid":{"rendered":"https:\/\/norway-coast.no\/home\/"},"modified":"2024-05-23T07:47:09","modified_gmt":"2024-05-23T07:47:09","slug":"home","status":"publish","type":"page","link":"https:\/\/norway-coast.no\/no\/","title":{"rendered":"Home"},"content":{"rendered":"\n<h1 class=\"wp-block-heading\">V\u00e5r misjon er \u00e5 v\u00e6re en ledende leverand\u00f8r innen simulatortrening og vurderingsmetoder for maritim utdanning<\/h1>\n","protected":false},"excerpt":{"rendered":"<p>V\u00e5r misjon er \u00e5 v\u00e6re en ledende leverand\u00f8r innen simulatortrening og vurderingsmetoder for maritim utdanning<\/p>\n","protected":false},"author":1,"featured_media":1074,"parent":0,"menu_order":0,"comment_status":"closed","ping_status":"closed","template":"page-templates\/page-home.php","meta":{"_acf_changed":false,"footnotes":""},"class_list":["post-1120","page","type-page","status-publish","has-post-thumbnail","hentry"],"acf":[],"_links":{"self":[{"href":"https:\/\/norway-coast.no\/no\/wp-json\/wp\/v2\/pages\/1120","targetHints":{"allow":["GET"]}}],"collection":[{"href":"https:\/\/norway-coast.no\/no\/wp-json\/wp\/v2\/pages"}],"about":[{"href":"https:\/\/norway-coast.no\/no\/wp-json\/wp\/v2\/types\/page"}],"author":[{"embeddable":true,"href":"https:\/\/norway-coast.no\/no\/wp-json\/wp\/v2\/users\/1"}],"replies":[{"embeddable":true,"href":"https:\/\/norway-coast.no\/no\/wp-json\/wp\/v2\/comments?post=1120"}],"version-history":[{"count":15,"href":"https:\/\/norway-coast.no\/no\/wp-json\/wp\/v2\/pages\/1120\/revisions"}],"predecessor-version":[{"id":1532,"href":"https:\/\/norway-coast.no\/no\/wp-json\/wp\/v2\/pages\/1120\/revisions\/1532"}],"wp:featuredmedia":[{"embeddable":true,"href":"https:\/\/norway-coast.no\/no\/wp-json\/wp\/v2\/media\/1074"}],"wp:attachment":[{"href":"https:\/\/norway-coast.no\/no\/wp-json\/wp\/v2\/media?parent=1120"}],"curies":[{"name":"wp","href":"https:\/\/api.w.org\/{rel}","templated":true}]}}